{"id":1645,"date":"2022-01-14T04:39:43","date_gmt":"2022-01-14T04:39:43","guid":{"rendered":"https:\/\/accioncolombia.org\/?page_id=1645"},"modified":"2023-12-02T05:20:52","modified_gmt":"2023-12-02T05:20:52","slug":"norma-corrales-martin","status":"publish","type":"page","link":"https:\/\/accioncolombia.org\/en\/junta-directiva\/norma-corrales-martin\/","title":{"rendered":"Norma Corrales-Martin"},"content":{"rendered":"<div data-elementor-type=\"wp-page\" data-elementor-id=\"1645\" class=\"elementor elementor-1645\">\n\t\t\t\t\t\t<section class=\"elementor-section elementor-top-section elementor-element elementor-element-877cb85 elementor-section-boxed elementor-section-height-default elementor-section-height-default\" data-id=\"877cb85\" data-element_type=\"section\" data-e-type=\"section\">\n\t\t\t\t\t\t<div class=\"elementor-container elementor-column-gap-default\">\n\t\t\t\t\t<div class=\"elementor-column elementor-col-50 elementor-top-column elementor-element elementor-element-87b234c\" data-id=\"87b234c\" data-element_type=\"column\" data-e-type=\"column\">\n\t\t\t<div class=\"elementor-widget-wrap elementor-element-populated\">\n\t\t\t\t\t\t<div class=\"elementor-element elementor-element-e6b5778 elementor-widget elementor-widget-image\" data-id=\"e6b5778\" data-element_type=\"widget\" data-e-type=\"widget\" data-widget_type=\"image.default\">\n\t\t\t\t<div class=\"elementor-widget-container\">\n\t\t\t\t\t\t\t\t\t\t\t\t\t\t\t<img fetchpriority=\"high\" decoding=\"async\" width=\"400\" height=\"542\" src=\"https:\/\/accioncolombia.org\/wp-content\/uploads\/norma-c-p.jpg\" class=\"attachment-full size-full wp-image-1557\" alt=\"\" srcset=\"https:\/\/accioncolombia.org\/wp-content\/uploads\/norma-c-p.jpg 400w, https:\/\/accioncolombia.org\/wp-content\/uploads\/norma-c-p-221x300.jpg 221w\" sizes=\"(max-width: 400px) 100vw, 400px\" \/>\t\t\t\t\t\t\t\t\t\t\t\t\t\t\t<\/div>\n\t\t\t\t<\/div>\n\t\t\t\t\t<\/div>\n\t\t<\/div>\n\t\t\t\t<div class=\"elementor-column elementor-col-50 elementor-top-column elementor-element elementor-element-41a2b6d\" data-id=\"41a2b6d\" data-element_type=\"column\" data-e-type=\"column\">\n\t\t\t<div class=\"elementor-widget-wrap elementor-element-populated\">\n\t\t\t\t\t\t<div class=\"elementor-element elementor-element-152c058 elementor-widget elementor-widget-heading\" data-id=\"152c058\" data-element_type=\"widget\" data-e-type=\"widget\" data-widget_type=\"heading.default\">\n\t\t\t\t<div class=\"elementor-widget-container\">\n\t\t\t\t\t<h2 class=\"elementor-heading-title elementor-size-default\">Norma Corrales-Martin<\/h2>\t\t\t\t<\/div>\n\t\t\t\t<\/div>\n\t\t\t\t<div class=\"elementor-element elementor-element-4a2d14c elementor-widget elementor-widget-heading\" data-id=\"4a2d14c\" data-element_type=\"widget\" data-e-type=\"widget\" data-widget_type=\"heading.default\">\n\t\t\t\t<div class=\"elementor-widget-container\">\n\t\t\t\t\t<h2 class=\"elementor-heading-title elementor-size-default\">Board Member<\/h2>\t\t\t\t<\/div>\n\t\t\t\t<\/div>\n\t\t\t\t<div class=\"elementor-element elementor-element-f5887fb elementor-widget elementor-widget-text-editor\" data-id=\"f5887fb\" data-element_type=\"widget\" data-e-type=\"widget\" data-widget_type=\"text-editor.default\">\n\t\t\t\t<div class=\"elementor-widget-container\">\n\t\t\t\t\t\t\t\t\t<p>Dr. Norma Corrales-Martin is Associate Professor of Instruction at Temple University in Philadelphia. She received her Master's degree in Hispanic Linguistics from the prestigious Caro &amp; Cuervo Institute in Bogot\u00e1. She holds a Ph.D. in Education from Ohio University. She has developed Living Grammar, a verb-centered grammar. Her recent publications include \u00a1Qu\u00e9 viva la m\u00fasica! Review of conversation in Spanish published in 2021 by North Broad Press of Temple University and Canto de las tres abuelas, a poem published by Voces del Caribe, Revista de Estudios Caribe\u00f1os, Spring 2021.<\/p>\t\t\t\t\t\t\t\t<\/div>\n\t\t\t\t<\/div>\n\t\t\t\t<div class=\"elementor-element elementor-element-eab869f elementor-widget elementor-widget-button\" data-id=\"eab869f\" data-element_type=\"widget\" data-e-type=\"widget\" data-widget_type=\"button.default\">\n\t\t\t\t<div class=\"elementor-widget-container\">\n\t\t\t\t\t\t\t\t\t<div class=\"elementor-button-wrapper\">\n\t\t\t\t\t<a class=\"elementor-button elementor-button-link elementor-size-sm\" href=\"https:\/\/accioncolombia.org\/en\/junta-directiva\/\">\n\t\t\t\t\t\t<span class=\"elementor-button-content-wrapper\">\n\t\t\t\t\t\t\t\t\t<span class=\"elementor-button-text\">BACK<\/span>\n\t\t\t\t\t<\/span>\n\t\t\t\t\t<\/a>\n\t\t\t\t<\/div>\n\t\t\t\t\t\t\t\t<\/div>\n\t\t\t\t<\/div>\n\t\t\t\t\t<\/div>\n\t\t<\/div>\n\t\t\t\t\t<\/div>\n\t\t<\/section>\n\t\t\t\t<\/div>","protected":false},"excerpt":{"rendered":"<p>Norma Corrales-Martin Miembro de la Junta Directiva La Dra. Norma Corrales-Martin es profesora Asociada de Instrucci\u00f3n en la Universidad de Temple en Filadelfia. Obtuvo su Maestr\u00eda en Ling\u00fc\u00edstica Hisp\u00e1nica del prestigioso Instituto Caro &amp; Cuervo de Bogot\u00e1. Tiene un doctorado en Educaci\u00f3n de la Universidad de Ohio. Ha desarrollado Gram\u00e1tica Viva, una gram\u00e1tica centrada en [&hellip;]<\/p>\n","protected":false},"author":2,"featured_media":0,"parent":944,"menu_order":0,"comment_status":"closed","ping_status":"closed","template":"elementor_header_footer","meta":{"footnotes":""},"class_list":["post-1645","page","type-page","status-publish","hentry"],"yoast_head":"<!-- This site is optimized with the Yoast SEO plugin v27.5 - https:\/\/yoast.com\/product\/yoast-seo-wordpress\/ -->\n<title>Norma Corrales-Martin - Accion Colombia<\/title>\n<meta name=\"robots\" content=\"index, follow, max-snippet:-1, max-image-preview:large, max-video-preview:-1\" \/>\n<link rel=\"canonical\" href=\"https:\/\/accioncolombia.org\/en\/junta-directiva\/norma-corrales-martin\/\" \/>\n<meta property=\"og:locale\" content=\"en_US\" \/>\n<meta property=\"og:type\" content=\"article\" \/>\n<meta property=\"og:title\" content=\"Norma Corrales-Martin - Accion Colombia\" \/>\n<meta property=\"og:description\" content=\"Norma Corrales-Martin Miembro de la Junta Directiva La Dra. Norma Corrales-Martin es profesora Asociada de Instrucci\u00f3n en la Universidad de Temple en Filadelfia. Obtuvo su Maestr\u00eda en Ling\u00fc\u00edstica Hisp\u00e1nica del prestigioso Instituto Caro &amp; Cuervo de Bogot\u00e1. Tiene un doctorado en Educaci\u00f3n de la Universidad de Ohio. Ha desarrollado Gram\u00e1tica Viva, una gram\u00e1tica centrada en [&hellip;]\" \/>\n<meta property=\"og:url\" content=\"https:\/\/accioncolombia.org\/en\/junta-directiva\/norma-corrales-martin\/\" \/>\n<meta property=\"og:site_name\" content=\"Accion Colombia\" \/>\n<meta property=\"article:publisher\" content=\"https:\/\/www.facebook.com\/AccionColombiaPhilly\/\" \/>\n<meta property=\"article:modified_time\" content=\"2023-12-02T05:20:52+00:00\" \/>\n<meta property=\"og:image\" content=\"https:\/\/accioncolombia.org\/wp-content\/uploads\/norma-c-p.jpg\" \/>\n<meta name=\"twitter:card\" content=\"summary_large_image\" \/>\n<meta name=\"twitter:site\" content=\"@accioncolombia1\" \/>\n<meta name=\"twitter:label1\" content=\"Est. reading time\" \/>\n\t<meta name=\"twitter:data1\" content=\"1 minute\" \/>\n<script type=\"application\/ld+json\" class=\"yoast-schema-graph\">{\"@context\":\"https:\\\/\\\/schema.org\",\"@graph\":[{\"@type\":\"WebPage\",\"@id\":\"https:\\\/\\\/accioncolombia.org\\\/junta-directiva\\\/norma-corrales-martin\\\/\",\"url\":\"https:\\\/\\\/accioncolombia.org\\\/junta-directiva\\\/norma-corrales-martin\\\/\",\"name\":\"Norma Corrales-Martin - Accion Colombia\",\"isPartOf\":{\"@id\":\"https:\\\/\\\/accioncolombia.org\\\/#website\"},\"primaryImageOfPage\":{\"@id\":\"https:\\\/\\\/accioncolombia.org\\\/junta-directiva\\\/norma-corrales-martin\\\/#primaryimage\"},\"image\":{\"@id\":\"https:\\\/\\\/accioncolombia.org\\\/junta-directiva\\\/norma-corrales-martin\\\/#primaryimage\"},\"thumbnailUrl\":\"https:\\\/\\\/accioncolombia.org\\\/wp-content\\\/uploads\\\/norma-c-p.jpg\",\"datePublished\":\"2022-01-14T04:39:43+00:00\",\"dateModified\":\"2023-12-02T05:20:52+00:00\",\"breadcrumb\":{\"@id\":\"https:\\\/\\\/accioncolombia.org\\\/junta-directiva\\\/norma-corrales-martin\\\/#breadcrumb\"},\"inLanguage\":\"en-US\",\"potentialAction\":[{\"@type\":\"ReadAction\",\"target\":[\"https:\\\/\\\/accioncolombia.org\\\/junta-directiva\\\/norma-corrales-martin\\\/\"]}]},{\"@type\":\"ImageObject\",\"inLanguage\":\"en-US\",\"@id\":\"https:\\\/\\\/accioncolombia.org\\\/junta-directiva\\\/norma-corrales-martin\\\/#primaryimage\",\"url\":\"https:\\\/\\\/accioncolombia.org\\\/wp-content\\\/uploads\\\/norma-c-p.jpg\",\"contentUrl\":\"https:\\\/\\\/accioncolombia.org\\\/wp-content\\\/uploads\\\/norma-c-p.jpg\"},{\"@type\":\"BreadcrumbList\",\"@id\":\"https:\\\/\\\/accioncolombia.org\\\/junta-directiva\\\/norma-corrales-martin\\\/#breadcrumb\",\"itemListElement\":[{\"@type\":\"ListItem\",\"position\":1,\"name\":\"Home\",\"item\":\"https:\\\/\\\/accioncolombia.org\\\/\"},{\"@type\":\"ListItem\",\"position\":2,\"name\":\"Junta Directiva\",\"item\":\"https:\\\/\\\/accioncolombia.org\\\/junta-directiva\\\/\"},{\"@type\":\"ListItem\",\"position\":3,\"name\":\"Norma Corrales-Martin\"}]},{\"@type\":\"WebSite\",\"@id\":\"https:\\\/\\\/accioncolombia.org\\\/#website\",\"url\":\"https:\\\/\\\/accioncolombia.org\\\/\",\"name\":\"Accion Colombia\",\"description\":\"Una organizaci\u00f3n que crea espacios para mantener vigente la cultura colombiana como parte integral de la diversidad hispana en Pennsylvania, New Jersey y Delaware.\",\"publisher\":{\"@id\":\"https:\\\/\\\/accioncolombia.org\\\/#organization\"},\"potentialAction\":[{\"@type\":\"SearchAction\",\"target\":{\"@type\":\"EntryPoint\",\"urlTemplate\":\"https:\\\/\\\/accioncolombia.org\\\/?s={search_term_string}\"},\"query-input\":{\"@type\":\"PropertyValueSpecification\",\"valueRequired\":true,\"valueName\":\"search_term_string\"}}],\"inLanguage\":\"en-US\"},{\"@type\":\"Organization\",\"@id\":\"https:\\\/\\\/accioncolombia.org\\\/#organization\",\"name\":\"Acci\u00f3n Colombia\",\"url\":\"https:\\\/\\\/accioncolombia.org\\\/\",\"logo\":{\"@type\":\"ImageObject\",\"inLanguage\":\"en-US\",\"@id\":\"https:\\\/\\\/accioncolombia.org\\\/#\\\/schema\\\/logo\\\/image\\\/\",\"url\":\"https:\\\/\\\/accioncolombia.org\\\/wp-content\\\/uploads\\\/logo.jpg\",\"contentUrl\":\"https:\\\/\\\/accioncolombia.org\\\/wp-content\\\/uploads\\\/logo.jpg\",\"width\":400,\"height\":400,\"caption\":\"Acci\u00f3n Colombia\"},\"image\":{\"@id\":\"https:\\\/\\\/accioncolombia.org\\\/#\\\/schema\\\/logo\\\/image\\\/\"},\"sameAs\":[\"https:\\\/\\\/www.facebook.com\\\/AccionColombiaPhilly\\\/\",\"https:\\\/\\\/x.com\\\/accioncolombia1\"]}]}<\/script>\n<!-- \/ Yoast SEO plugin. -->","yoast_head_json":{"title":"Norma Corrales-Martin - Accion Colombia","robots":{"index":"index","follow":"follow","max-snippet":"max-snippet:-1","max-image-preview":"max-image-preview:large","max-video-preview":"max-video-preview:-1"},"canonical":"https:\/\/accioncolombia.org\/en\/junta-directiva\/norma-corrales-martin\/","og_locale":"en_US","og_type":"article","og_title":"Norma Corrales-Martin - Accion Colombia","og_description":"Norma Corrales-Martin Miembro de la Junta Directiva La Dra. Norma Corrales-Martin es profesora Asociada de Instrucci\u00f3n en la Universidad de Temple en Filadelfia. Obtuvo su Maestr\u00eda en Ling\u00fc\u00edstica Hisp\u00e1nica del prestigioso Instituto Caro &amp; Cuervo de Bogot\u00e1. Tiene un doctorado en Educaci\u00f3n de la Universidad de Ohio. Ha desarrollado Gram\u00e1tica Viva, una gram\u00e1tica centrada en [&hellip;]","og_url":"https:\/\/accioncolombia.org\/en\/junta-directiva\/norma-corrales-martin\/","og_site_name":"Accion Colombia","article_publisher":"https:\/\/www.facebook.com\/AccionColombiaPhilly\/","article_modified_time":"2023-12-02T05:20:52+00:00","og_image":[{"url":"https:\/\/accioncolombia.org\/wp-content\/uploads\/norma-c-p.jpg","type":"","width":"","height":""}],"twitter_card":"summary_large_image","twitter_site":"@accioncolombia1","twitter_misc":{"Est. reading time":"1 minute"},"schema":{"@context":"https:\/\/schema.org","@graph":[{"@type":"WebPage","@id":"https:\/\/accioncolombia.org\/junta-directiva\/norma-corrales-martin\/","url":"https:\/\/accioncolombia.org\/junta-directiva\/norma-corrales-martin\/","name":"Norma Corrales-Martin - Accion Colombia","isPartOf":{"@id":"https:\/\/accioncolombia.org\/#website"},"primaryImageOfPage":{"@id":"https:\/\/accioncolombia.org\/junta-directiva\/norma-corrales-martin\/#primaryimage"},"image":{"@id":"https:\/\/accioncolombia.org\/junta-directiva\/norma-corrales-martin\/#primaryimage"},"thumbnailUrl":"https:\/\/accioncolombia.org\/wp-content\/uploads\/norma-c-p.jpg","datePublished":"2022-01-14T04:39:43+00:00","dateModified":"2023-12-02T05:20:52+00:00","breadcrumb":{"@id":"https:\/\/accioncolombia.org\/junta-directiva\/norma-corrales-martin\/#breadcrumb"},"inLanguage":"en-US","potentialAction":[{"@type":"ReadAction","target":["https:\/\/accioncolombia.org\/junta-directiva\/norma-corrales-martin\/"]}]},{"@type":"ImageObject","inLanguage":"en-US","@id":"https:\/\/accioncolombia.org\/junta-directiva\/norma-corrales-martin\/#primaryimage","url":"https:\/\/accioncolombia.org\/wp-content\/uploads\/norma-c-p.jpg","contentUrl":"https:\/\/accioncolombia.org\/wp-content\/uploads\/norma-c-p.jpg"},{"@type":"BreadcrumbList","@id":"https:\/\/accioncolombia.org\/junta-directiva\/norma-corrales-martin\/#breadcrumb","itemListElement":[{"@type":"ListItem","position":1,"name":"Home","item":"https:\/\/accioncolombia.org\/"},{"@type":"ListItem","position":2,"name":"Junta Directiva","item":"https:\/\/accioncolombia.org\/junta-directiva\/"},{"@type":"ListItem","position":3,"name":"Norma Corrales-Martin"}]},{"@type":"WebSite","@id":"https:\/\/accioncolombia.org\/#website","url":"https:\/\/accioncolombia.org\/","name":"Accion Colombia","description":"Una organizaci\u00f3n que crea espacios para mantener vigente la cultura colombiana como parte integral de la diversidad hispana en Pennsylvania, New Jersey y Delaware.","publisher":{"@id":"https:\/\/accioncolombia.org\/#organization"},"potentialAction":[{"@type":"SearchAction","target":{"@type":"EntryPoint","urlTemplate":"https:\/\/accioncolombia.org\/?s={search_term_string}"},"query-input":{"@type":"PropertyValueSpecification","valueRequired":true,"valueName":"search_term_string"}}],"inLanguage":"en-US"},{"@type":"Organization","@id":"https:\/\/accioncolombia.org\/#organization","name":"Acci\u00f3n Colombia","url":"https:\/\/accioncolombia.org\/","logo":{"@type":"ImageObject","inLanguage":"en-US","@id":"https:\/\/accioncolombia.org\/#\/schema\/logo\/image\/","url":"https:\/\/accioncolombia.org\/wp-content\/uploads\/logo.jpg","contentUrl":"https:\/\/accioncolombia.org\/wp-content\/uploads\/logo.jpg","width":400,"height":400,"caption":"Acci\u00f3n Colombia"},"image":{"@id":"https:\/\/accioncolombia.org\/#\/schema\/logo\/image\/"},"sameAs":["https:\/\/www.facebook.com\/AccionColombiaPhilly\/","https:\/\/x.com\/accioncolombia1"]}]}},"jetpack_sharing_enabled":true,"_links":{"self":[{"href":"https:\/\/accioncolombia.org\/en\/wp-json\/wp\/v2\/pages\/1645","targetHints":{"allow":["GET"]}}],"collection":[{"href":"https:\/\/accioncolombia.org\/en\/wp-json\/wp\/v2\/pages"}],"about":[{"href":"https:\/\/accioncolombia.org\/en\/wp-json\/wp\/v2\/types\/page"}],"author":[{"embeddable":true,"href":"https:\/\/accioncolombia.org\/en\/wp-json\/wp\/v2\/users\/2"}],"replies":[{"embeddable":true,"href":"https:\/\/accioncolombia.org\/en\/wp-json\/wp\/v2\/comments?post=1645"}],"version-history":[{"count":19,"href":"https:\/\/accioncolombia.org\/en\/wp-json\/wp\/v2\/pages\/1645\/revisions"}],"predecessor-version":[{"id":2649,"href":"https:\/\/accioncolombia.org\/en\/wp-json\/wp\/v2\/pages\/1645\/revisions\/2649"}],"up":[{"embeddable":true,"href":"https:\/\/accioncolombia.org\/en\/wp-json\/wp\/v2\/pages\/944"}],"wp:attachment":[{"href":"https:\/\/accioncolombia.org\/en\/wp-json\/wp\/v2\/media?parent=1645"}],"curies":[{"name":"wp","href":"https:\/\/api.w.org\/{rel}","templated":true}]}}